{"id":774,"date":"2024-05-13T19:15:38","date_gmt":"2024-05-13T19:15:38","guid":{"rendered":"https:\/\/henrysimbanaj.com\/?page_id=774"},"modified":"2024-05-15T22:25:51","modified_gmt":"2024-05-15T22:25:51","slug":"eljuego","status":"publish","type":"page","link":"https:\/\/henrysimbanaj.com\/index.php\/eljuego\/","title":{"rendered":"El Juego"},"content":{"rendered":"\t\t<div data-elementor-type=\"wp-page\" data-elementor-id=\"774\" class=\"elementor elementor-774\">\n\t\t\t\t\t\t\t\t\t<section class=\"elementor-section elementor-top-section elementor-element elementor-element-ed157ed elementor-section-boxed elementor-section-height-default elementor-section-height-default\" data-id=\"ed157ed\" data-element_type=\"section\">\n\t\t\t\t\t\t<div class=\"elementor-container elementor-column-gap-default\">\n\t\t\t\t\t<div class=\"elementor-column elementor-col-100 elementor-top-column elementor-element elementor-element-ddcbf97\" data-id=\"ddcbf97\" data-element_type=\"column\">\n\t\t\t<div class=\"elementor-widget-wrap elementor-element-populated\">\n\t\t\t\t\t\t\t\t<div class=\"elementor-element elementor-element-c1266a8 elementor-widget elementor-widget-image\" data-id=\"c1266a8\" data-element_type=\"widget\" data-widget_type=\"image.default\">\n\t\t\t\t<div class=\"elementor-widget-container\">\n\t\t\t<style>\/*! elementor - v3.14.0 - 18-06-2023 *\/\n.elementor-widget-image{text-align:center}.elementor-widget-image a{display:inline-block}.elementor-widget-image a img[src$=\".svg\"]{width:48px}.elementor-widget-image img{vertical-align:middle;display:inline-block}<\/style>\t\t\t\t\t\t\t\t\t\t\t\t<img loading=\"lazy\" decoding=\"async\" width=\"768\" height=\"768\" src=\"https:\/\/henrysimbanaj.com\/wp-content\/uploads\/2024\/05\/C4-768x768.webp\" class=\"attachment-medium_large size-medium_large wp-image-829\" alt=\"\" srcset=\"https:\/\/henrysimbanaj.com\/wp-content\/uploads\/2024\/05\/C4-768x768.webp 768w, https:\/\/henrysimbanaj.com\/wp-content\/uploads\/2024\/05\/C4-300x300.webp 300w, https:\/\/henrysimbanaj.com\/wp-content\/uploads\/2024\/05\/C4-150x150.webp 150w, https:\/\/henrysimbanaj.com\/wp-content\/uploads\/2024\/05\/C4.webp 1024w\" sizes=\"(max-width: 768px) 100vw, 768px\" \/>\t\t\t\t\t\t\t\t\t\t\t\t\t\t\t<\/div>\n\t\t\t\t<\/div>\n\t\t\t\t\t<\/div>\n\t\t<\/div>\n\t\t\t\t\t\t\t<\/div>\n\t\t<\/section>\n\t\t\t\t<section class=\"elementor-section elementor-top-section elementor-element elementor-element-55050ed elementor-section-boxed elementor-section-height-default elementor-section-height-default\" data-id=\"55050ed\" data-element_type=\"section\">\n\t\t\t\t\t\t<div class=\"elementor-container elementor-column-gap-default\">\n\t\t\t\t\t<div class=\"elementor-column elementor-col-100 elementor-top-column elementor-element elementor-element-0efd6b7\" data-id=\"0efd6b7\" data-element_type=\"column\">\n\t\t\t<div class=\"elementor-widget-wrap elementor-element-populated\">\n\t\t\t\t\t\t\t\t<div class=\"elementor-element elementor-element-6ad7765 elementor-widget elementor-widget-heading\" data-id=\"6ad7765\" data-element_type=\"widget\" data-widget_type=\"heading.default\">\n\t\t\t\t<div class=\"elementor-widget-container\">\n\t\t\t<style>\/*! elementor - v3.14.0 - 18-06-2023 *\/\n.elementor-heading-title{padding:0;margin:0;line-height:1}.elementor-widget-heading .elementor-heading-title[class*=elementor-size-]>a{color:inherit;font-size:inherit;line-height:inherit}.elementor-widget-heading .elementor-heading-title.elementor-size-small{font-size:15px}.elementor-widget-heading .elementor-heading-title.elementor-size-medium{font-size:19px}.elementor-widget-heading .elementor-heading-title.elementor-size-large{font-size:29px}.elementor-widget-heading .elementor-heading-title.elementor-size-xl{font-size:39px}.elementor-widget-heading .elementor-heading-title.elementor-size-xxl{font-size:59px}<\/style><h1 class=\"elementor-heading-title elementor-size-default\">El Juego<\/h1>\t\t<\/div>\n\t\t\t\t<\/div>\n\t\t\t\t\t<\/div>\n\t\t<\/div>\n\t\t\t\t\t\t\t<\/div>\n\t\t<\/section>\n\t\t\t\t<section class=\"elementor-section elementor-top-section elementor-element elementor-element-75e2234 elementor-section-boxed elementor-section-height-default elementor-section-height-default\" data-id=\"75e2234\" data-element_type=\"section\">\n\t\t\t\t\t\t<div class=\"elementor-container elementor-column-gap-default\">\n\t\t\t\t\t<div class=\"elementor-column elementor-col-50 elementor-top-column elementor-element elementor-element-6992718\" data-id=\"6992718\" data-element_type=\"column\">\n\t\t\t<div class=\"elementor-widget-wrap elementor-element-populated\">\n\t\t\t\t\t\t\t\t<div class=\"elementor-element elementor-element-439dba1 elementor-widget elementor-widget-heading\" data-id=\"439dba1\" data-element_type=\"widget\" data-widget_type=\"heading.default\">\n\t\t\t\t<div class=\"elementor-widget-container\">\n\t\t\t<h2 class=\"elementor-heading-title elementor-size-default\">Ideas Esenciales <span style=\"color: rgb(79, 86, 85); font-family: &quot;Noto Sans&quot;, sans-serif; font-size: 16px; font-weight: 400; text-transform: none; white-space-collapse: collapse;\">(Sabin, 2022)<\/span><\/h2>\t\t<\/div>\n\t\t\t\t<\/div>\n\t\t\t\t<div class=\"elementor-element elementor-element-41d4902 elementor-widget elementor-widget-text-editor\" data-id=\"41d4902\" data-element_type=\"widget\" data-widget_type=\"text-editor.default\">\n\t\t\t\t<div class=\"elementor-widget-container\">\n\t\t\t<style>\/*! elementor - v3.14.0 - 18-06-2023 *\/\n.elementor-widget-text-editor.elementor-drop-cap-view-stacked .elementor-drop-cap{background-color:#69727d;color:#fff}.elementor-widget-text-editor.elementor-drop-cap-view-framed .elementor-drop-cap{color:#69727d;border:3px solid;background-color:transparent}.elementor-widget-text-editor:not(.elementor-drop-cap-view-default) .elementor-drop-cap{margin-top:8px}.elementor-widget-text-editor:not(.elementor-drop-cap-view-default) .elementor-drop-cap-letter{width:1em;height:1em}.elementor-widget-text-editor .elementor-drop-cap{float:left;text-align:center;line-height:1;font-size:50px}.elementor-widget-text-editor .elementor-drop-cap-letter{display:inline-block}<\/style>\t\t\t\t<p>El juego es crucial para el desarrollo y aprendizaje tanto de ni\u00f1os como de adultos, ofreciendo un espacio vital para explorar, experimentar y desarrollar habilidades cognitivas y socioemocionales. A trav\u00e9s del juego, se fomenta la creatividad, el pensamiento cr\u00edtico y la adaptaci\u00f3n, haciendo que los participantes activen y apliquen sus conocimientos de manera din\u00e1mica y significativa. Esta metodolog\u00eda apoya el crecimiento integral en todas las edades, facilitando la interacci\u00f3n, el aprendizaje y la innovaci\u00f3n en un entorno l\u00fadico y motivador.<\/p><p><strong>Desarrollo de empat\u00eda y nociones b\u00e1sicas:<\/strong> El juego es esencial para el sano desarrollo social, emocional y cognitivo de los ni\u00f1os, permiti\u00e9ndoles descubrir, explorar, aprender y adaptarse al mundo que les rodea.<\/p><p><strong>Intr\u00ednsecamente motivado:<\/strong> El juego es placentero, intr\u00ednsecamente motivado, orientado por el proceso, no literal y requiere la participaci\u00f3n activa del jugador.<\/p><p><strong style=\"font-style: inherit; background-color: var(--ast-global-color-4); color: var(--ast-global-color-3);\">Fases del Juego:<\/strong><span style=\"font-style: inherit; font-weight: inherit; background-color: var(--ast-global-color-4); color: var(--ast-global-color-3);\"> Desde la observaci\u00f3n hasta el juego cooperativo con reglas, el juego pasa por diversas etapas que reflejan el desarrollo cognitivo y social del ni\u00f1o.<\/span><\/p><p><strong>Tipos de Juego:<\/strong><\/p><ul><li>Juego de pr\u00e1ctica\/senso-motor.<\/li><li>Juego simb\u00f3lico constructivo.<\/li><li>Juego dram\u00e1tico.<\/li><\/ul><p><strong>Roles del Adulto:<\/strong> Observar, participar y guiar el juego de los ni\u00f1os, adaptando el entorno y proporcionando materiales y actividades adecuadas.<\/p>\t\t\t\t\t\t<\/div>\n\t\t\t\t<\/div>\n\t\t\t\t\t<\/div>\n\t\t<\/div>\n\t\t\t\t<div class=\"elementor-column elementor-col-50 elementor-top-column elementor-element elementor-element-face5db\" data-id=\"face5db\" data-element_type=\"column\">\n\t\t\t<div class=\"elementor-widget-wrap elementor-element-populated\">\n\t\t\t\t\t\t\t\t<div class=\"elementor-element elementor-element-585fb90 elementor-widget elementor-widget-image\" data-id=\"585fb90\" data-element_type=\"widget\" data-widget_type=\"image.default\">\n\t\t\t\t<div class=\"elementor-widget-container\">\n\t\t\t\t\t\t\t\t\t\t\t\t\t\t\t<img loading=\"lazy\" decoding=\"async\" width=\"1024\" height=\"683\" src=\"https:\/\/henrysimbanaj.com\/wp-content\/uploads\/2024\/05\/Instruccion-Guiada1-1024x683.jpg\" class=\"attachment-large size-large wp-image-757\" alt=\"\" srcset=\"https:\/\/henrysimbanaj.com\/wp-content\/uploads\/2024\/05\/Instruccion-Guiada1-1024x683.jpg 1024w, https:\/\/henrysimbanaj.com\/wp-content\/uploads\/2024\/05\/Instruccion-Guiada1-300x200.jpg 300w, https:\/\/henrysimbanaj.com\/wp-content\/uploads\/2024\/05\/Instruccion-Guiada1-768x512.jpg 768w, https:\/\/henrysimbanaj.com\/wp-content\/uploads\/2024\/05\/Instruccion-Guiada1.jpg 1200w\" sizes=\"(max-width: 1024px) 100vw, 1024px\" \/>\t\t\t\t\t\t\t\t\t\t\t\t\t\t\t<\/div>\n\t\t\t\t<\/div>\n\t\t\t\t\t<\/div>\n\t\t<\/div>\n\t\t\t\t\t\t\t<\/div>\n\t\t<\/section>\n\t\t\t\t<section class=\"elementor-section elementor-top-section elementor-element elementor-element-30483cf elementor-section-boxed elementor-section-height-default elementor-section-height-default\" data-id=\"30483cf\" data-element_type=\"section\">\n\t\t\t\t\t\t<div class=\"elementor-container elementor-column-gap-default\">\n\t\t\t\t\t<div class=\"elementor-column elementor-col-50 elementor-top-column elementor-element elementor-element-57280fa\" data-id=\"57280fa\" data-element_type=\"column\">\n\t\t\t<div class=\"elementor-widget-wrap elementor-element-populated\">\n\t\t\t\t\t\t\t\t<div class=\"elementor-element elementor-element-b2b6db8 elementor-widget elementor-widget-image\" data-id=\"b2b6db8\" data-element_type=\"widget\" data-widget_type=\"image.default\">\n\t\t\t\t<div class=\"elementor-widget-container\">\n\t\t\t\t\t\t\t\t\t\t\t\t\t\t\t<img loading=\"lazy\" decoding=\"async\" width=\"1024\" height=\"682\" src=\"https:\/\/henrysimbanaj.com\/wp-content\/uploads\/2024\/05\/Instruccion-Guiada2-1024x682.jpeg\" class=\"attachment-large size-large wp-image-760\" alt=\"\" srcset=\"https:\/\/henrysimbanaj.com\/wp-content\/uploads\/2024\/05\/Instruccion-Guiada2-1024x682.jpeg 1024w, https:\/\/henrysimbanaj.com\/wp-content\/uploads\/2024\/05\/Instruccion-Guiada2-300x200.jpeg 300w, https:\/\/henrysimbanaj.com\/wp-content\/uploads\/2024\/05\/Instruccion-Guiada2-768x511.jpeg 768w, https:\/\/henrysimbanaj.com\/wp-content\/uploads\/2024\/05\/Instruccion-Guiada2.jpeg 1200w\" sizes=\"(max-width: 1024px) 100vw, 1024px\" \/>\t\t\t\t\t\t\t\t\t\t\t\t\t\t\t<\/div>\n\t\t\t\t<\/div>\n\t\t\t\t\t<\/div>\n\t\t<\/div>\n\t\t\t\t<div class=\"elementor-column elementor-col-50 elementor-top-column elementor-element elementor-element-0fc4878\" data-id=\"0fc4878\" data-element_type=\"column\">\n\t\t\t<div class=\"elementor-widget-wrap elementor-element-populated\">\n\t\t\t\t\t\t\t\t<div class=\"elementor-element elementor-element-0369e7a elementor-widget elementor-widget-heading\" data-id=\"0369e7a\" data-element_type=\"widget\" data-widget_type=\"heading.default\">\n\t\t\t\t<div class=\"elementor-widget-container\">\n\t\t\t<h3 class=\"elementor-heading-title elementor-size-default\">Beneficios <span style=\"color: rgb(79, 86, 85); font-family: &quot;Noto Sans&quot;, sans-serif; font-size: 16px; font-weight: 400; white-space-collapse: collapse;\">(Sabin, 2022)<\/span><\/h3>\t\t<\/div>\n\t\t\t\t<\/div>\n\t\t\t\t<div class=\"elementor-element elementor-element-3de4672 elementor-widget elementor-widget-text-editor\" data-id=\"3de4672\" data-element_type=\"widget\" data-widget_type=\"text-editor.default\">\n\t\t\t\t<div class=\"elementor-widget-container\">\n\t\t\t\t\t\t\t<p><strong>Estimula el Desarrollo Integral:<\/strong> Favorece el desarrollo cognitivo, social, emocional y f\u00edsico de los ni\u00f1os.<\/p>\n<p><strong>Fomenta la Creatividad:<\/strong> Permite a los ni\u00f1os explorar, imaginar y crear en un ambiente seguro y sin presiones externas.<\/p>\n<p><strong>Fortalece las Habilidades Sociales:<\/strong> Promueve la cooperaci\u00f3n, el trabajo en equipo, la negociaci\u00f3n y la resoluci\u00f3n de conflictos.<\/p>\t\t\t\t\t\t<\/div>\n\t\t\t\t<\/div>\n\t\t\t\t\t<\/div>\n\t\t<\/div>\n\t\t\t\t\t\t\t<\/div>\n\t\t<\/section>\n\t\t\t\t<section class=\"elementor-section elementor-top-section elementor-element elementor-element-1587591 elementor-section-boxed elementor-section-height-default elementor-section-height-default\" data-id=\"1587591\" data-element_type=\"section\">\n\t\t\t\t\t\t<div class=\"elementor-container elementor-column-gap-default\">\n\t\t\t\t\t<div class=\"elementor-column elementor-col-50 elementor-top-column elementor-element elementor-element-b1740e6\" data-id=\"b1740e6\" data-element_type=\"column\">\n\t\t\t<div class=\"elementor-widget-wrap elementor-element-populated\">\n\t\t\t\t\t\t\t\t<div class=\"elementor-element elementor-element-b5cfaf1 elementor-widget elementor-widget-heading\" data-id=\"b5cfaf1\" data-element_type=\"widget\" data-widget_type=\"heading.default\">\n\t\t\t\t<div class=\"elementor-widget-container\">\n\t\t\t<h3 class=\"elementor-heading-title elementor-size-default\">Retos <span style=\"color: rgb(79, 86, 85); font-family: &quot;Noto Sans&quot;, sans-serif; font-size: 16px; font-weight: 400; white-space-collapse: collapse;\">(Sabin, 2022)<\/span><\/h3>\t\t<\/div>\n\t\t\t\t<\/div>\n\t\t\t\t<div class=\"elementor-element elementor-element-79e8933 elementor-widget elementor-widget-text-editor\" data-id=\"79e8933\" data-element_type=\"widget\" data-widget_type=\"text-editor.default\">\n\t\t\t\t<div class=\"elementor-widget-container\">\n\t\t\t\t\t\t\t<p><strong>Necesidad de Espacio y Recursos:<\/strong> Requiere de espacios adecuados y una variedad de materiales y recursos para apoyar el juego creativo y el aprendizaje.<\/p><p><strong>Equilibrio entre Juego y Objetivos Curriculares:<\/strong> Es importante encontrar un equilibrio entre permitir que los ni\u00f1os dirijan su propio juego y cumplir con los objetivos del curr\u00edculo educativo.<\/p><p><strong>Formaci\u00f3n de los Adultos:<\/strong> Los educadores necesitan capacitaci\u00f3n y apoyo para comprender el valor del juego en el aprendizaje y para facilitar entornos de juego enriquecedores.<\/p><p><strong>Inclusi\u00f3n de Todos los Ni\u00f1os:<\/strong> Se deben considerar las necesidades individuales de cada ni\u00f1o, incluidas las diferencias culturales, sociales y de desarrollo, para garantizar que todos puedan participar plenamente en el juego.<\/p>\t\t\t\t\t\t<\/div>\n\t\t\t\t<\/div>\n\t\t\t\t\t<\/div>\n\t\t<\/div>\n\t\t\t\t<div class=\"elementor-column elementor-col-50 elementor-top-column elementor-element elementor-element-be50837\" data-id=\"be50837\" data-element_type=\"column\">\n\t\t\t<div class=\"elementor-widget-wrap elementor-element-populated\">\n\t\t\t\t\t\t\t\t<div class=\"elementor-element elementor-element-02bc7e2 elementor-widget elementor-widget-image\" data-id=\"02bc7e2\" data-element_type=\"widget\" data-widget_type=\"image.default\">\n\t\t\t\t<div class=\"elementor-widget-container\">\n\t\t\t\t\t\t\t\t\t\t\t\t\t\t\t<img loading=\"lazy\" decoding=\"async\" width=\"1024\" height=\"512\" src=\"https:\/\/henrysimbanaj.com\/wp-content\/uploads\/2024\/05\/Instruccion-Guiada3-1024x512.jpg\" class=\"attachment-large size-large wp-image-759\" alt=\"\" srcset=\"https:\/\/henrysimbanaj.com\/wp-content\/uploads\/2024\/05\/Instruccion-Guiada3-1024x512.jpg 1024w, https:\/\/henrysimbanaj.com\/wp-content\/uploads\/2024\/05\/Instruccion-Guiada3-300x150.jpg 300w, https:\/\/henrysimbanaj.com\/wp-content\/uploads\/2024\/05\/Instruccion-Guiada3-768x384.jpg 768w, https:\/\/henrysimbanaj.com\/wp-content\/uploads\/2024\/05\/Instruccion-Guiada3-1536x768.jpg 1536w, https:\/\/henrysimbanaj.com\/wp-content\/uploads\/2024\/05\/Instruccion-Guiada3.jpg 1600w\" sizes=\"(max-width: 1024px) 100vw, 1024px\" \/>\t\t\t\t\t\t\t\t\t\t\t\t\t\t\t<\/div>\n\t\t\t\t<\/div>\n\t\t\t\t\t<\/div>\n\t\t<\/div>\n\t\t\t\t\t\t\t<\/div>\n\t\t<\/section>\n\t\t\t\t<section class=\"elementor-section elementor-top-section elementor-element elementor-element-e1f0d9e elementor-section-boxed elementor-section-height-default elementor-section-height-default\" data-id=\"e1f0d9e\" data-element_type=\"section\">\n\t\t\t\t\t\t<div class=\"elementor-container elementor-column-gap-default\">\n\t\t\t\t\t<div class=\"elementor-column elementor-col-50 elementor-top-column elementor-element elementor-element-386ec6e\" data-id=\"386ec6e\" data-element_type=\"column\">\n\t\t\t<div class=\"elementor-widget-wrap elementor-element-populated\">\n\t\t\t\t\t\t\t\t<div class=\"elementor-element elementor-element-5fbbd0d elementor-widget elementor-widget-image\" data-id=\"5fbbd0d\" data-element_type=\"widget\" data-widget_type=\"image.default\">\n\t\t\t\t<div class=\"elementor-widget-container\">\n\t\t\t\t\t\t\t\t\t\t\t\t\t\t\t<img loading=\"lazy\" decoding=\"async\" width=\"1024\" height=\"683\" src=\"https:\/\/henrysimbanaj.com\/wp-content\/uploads\/2024\/05\/Instruccion-Guiada4-1024x683.jpg\" class=\"attachment-large size-large wp-image-758\" alt=\"\" srcset=\"https:\/\/henrysimbanaj.com\/wp-content\/uploads\/2024\/05\/Instruccion-Guiada4-1024x683.jpg 1024w, https:\/\/henrysimbanaj.com\/wp-content\/uploads\/2024\/05\/Instruccion-Guiada4-300x200.jpg 300w, https:\/\/henrysimbanaj.com\/wp-content\/uploads\/2024\/05\/Instruccion-Guiada4-768x512.jpg 768w, https:\/\/henrysimbanaj.com\/wp-content\/uploads\/2024\/05\/Instruccion-Guiada4.jpg 1200w\" sizes=\"(max-width: 1024px) 100vw, 1024px\" \/>\t\t\t\t\t\t\t\t\t\t\t\t\t\t\t<\/div>\n\t\t\t\t<\/div>\n\t\t\t\t\t<\/div>\n\t\t<\/div>\n\t\t\t\t<div class=\"elementor-column elementor-col-50 elementor-top-column elementor-element elementor-element-7375113\" data-id=\"7375113\" data-element_type=\"column\">\n\t\t\t<div class=\"elementor-widget-wrap elementor-element-populated\">\n\t\t\t\t\t\t\t\t<div class=\"elementor-element elementor-element-82fded3 elementor-widget elementor-widget-heading\" data-id=\"82fded3\" data-element_type=\"widget\" data-widget_type=\"heading.default\">\n\t\t\t\t<div class=\"elementor-widget-container\">\n\t\t\t<h3 class=\"elementor-heading-title elementor-size-default\">Reflexi\u00f3n<\/h3>\t\t<\/div>\n\t\t\t\t<\/div>\n\t\t\t\t<div class=\"elementor-element elementor-element-4d9b3fa elementor-widget elementor-widget-text-editor\" data-id=\"4d9b3fa\" data-element_type=\"widget\" data-widget_type=\"text-editor.default\">\n\t\t\t\t<div class=\"elementor-widget-container\">\n\t\t\t\t\t\t\t<p>Escogimos a esta metodolog\u00eda porque com\u00fanmente se asocia al estudio con algo aburrido y no disfrutable, y aplicar esta metodolog\u00eda muestra que puede ser muy divertido y, por lo tanto, deseable. Al causar menos rechazo por parte de quienes aprenden, tenemos su buena voluntad para realizar las actividades y tener mejores resultados. Es especialmente \u00fatil en ni\u00f1os, ya que muestra que el aprendizaje y el juego no est\u00e1n separados; aunque tambi\u00e9n es \u00fatil en adultos ya que hace no tengan el rechazo normal luego de malas experiencias en el aprendizaje.<\/p><p>La metodolog\u00eda basada en el juego es una buena elecci\u00f3n porque ayuda a los ni\u00f1os a aprender de una manera divertida y natural. Cuando jugamos, nos sentimos felices y motivados, y esto hace que sea m\u00e1s f\u00e1cil entender cosas nuevas. El juego tambi\u00e9n nos ayuda a ser creativos, a trabajar juntos y a resolver problemas (Sabin, 2022). Adem\u00e1s, nos permite explorar el mundo a nuestro alrededor y conocer mejor c\u00f3mo somos y qu\u00e9 nos gusta. En resumen, jugar es una forma genial de aprender y crecer felices. El juego es una actividad universal que trasciende las barreras culturales, ling\u00fc\u00edsticas y socioecon\u00f3micas, permitiendo que todos los ni\u00f1os participen y se sientan valorados independientemente de sus antecedentes o habilidades. Al ofrecer oportunidades para el juego creativo y cooperativo, podemos fomentar la igualdad de acceso al aprendizaje y crear un sentido de comunidad donde cada ni\u00f1o se sienta parte importante del grupo. Esto no solo fortalece la autoestima y la confianza de los estudiantes, sino que tambi\u00e9n promueve la empat\u00eda y el respeto hacia la diversidad en el aula y m\u00e1s all\u00e1.<\/p>\t\t\t\t\t\t<\/div>\n\t\t\t\t<\/div>\n\t\t\t\t\t<\/div>\n\t\t<\/div>\n\t\t\t\t\t\t\t<\/div>\n\t\t<\/section>\n\t\t\t\t<section class=\"elementor-section elementor-top-section elementor-element elementor-element-1cd007d elementor-section-boxed elementor-section-height-default elementor-section-height-default\" data-id=\"1cd007d\" data-element_type=\"section\">\n\t\t\t\t\t\t<div class=\"elementor-container elementor-column-gap-default\">\n\t\t\t\t\t<div class=\"elementor-column elementor-col-100 elementor-top-column elementor-element elementor-element-baed6e4\" data-id=\"baed6e4\" data-element_type=\"column\">\n\t\t\t<div class=\"elementor-widget-wrap elementor-element-populated\">\n\t\t\t\t\t\t\t\t<div class=\"elementor-element elementor-element-36ee32c elementor-widget elementor-widget-html\" data-id=\"36ee32c\" data-element_type=\"widget\" data-widget_type=\"html.default\">\n\t\t\t\t<div class=\"elementor-widget-container\">\n\t\t\t<a href=\"https:\/\/henrysimbanaj.com\/wp-content\/uploads\/2024\/05\/El-Juego-Metodologia.pdf\" class=\"pdfemb-viewer\" style=\"\" data-width=\"max\" data-height=\"max\" data-toolbar=\"bottom\" data-toolbar-fixed=\"off\">El-Juego-Metodologia<\/a>\r\n\t\t<\/div>\n\t\t\t\t<\/div>\n\t\t\t\t\t<\/div>\n\t\t<\/div>\n\t\t\t\t\t\t\t<\/div>\n\t\t<\/section>\n\t\t\t\t<section class=\"elementor-section elementor-top-section elementor-element elementor-element-7c3f8fe elementor-section-boxed elementor-section-height-default elementor-section-height-default\" data-id=\"7c3f8fe\" data-element_type=\"section\">\n\t\t\t\t\t\t<div class=\"elementor-container elementor-column-gap-default\">\n\t\t\t\t\t<div class=\"elementor-column elementor-col-50 elementor-top-column elementor-element elementor-element-32dd6cf\" data-id=\"32dd6cf\" data-element_type=\"column\">\n\t\t\t<div class=\"elementor-widget-wrap elementor-element-populated\">\n\t\t\t\t\t\t\t\t<div class=\"elementor-element elementor-element-7423a6c elementor-widget elementor-widget-heading\" data-id=\"7423a6c\" data-element_type=\"widget\" data-widget_type=\"heading.default\">\n\t\t\t\t<div class=\"elementor-widget-container\">\n\t\t\t<h3 class=\"elementor-heading-title elementor-size-default\">Referencias<\/h3>\t\t<\/div>\n\t\t\t\t<\/div>\n\t\t\t\t\t<\/div>\n\t\t<\/div>\n\t\t\t\t<div class=\"elementor-column elementor-col-50 elementor-top-column elementor-element elementor-element-2f1d5ff\" data-id=\"2f1d5ff\" data-element_type=\"column\">\n\t\t\t<div class=\"elementor-widget-wrap elementor-element-populated\">\n\t\t\t\t\t\t\t\t<div class=\"elementor-element elementor-element-5e23b82 elementor-widget elementor-widget-text-editor\" data-id=\"5e23b82\" data-element_type=\"widget\" data-widget_type=\"text-editor.default\">\n\t\t\t\t<div class=\"elementor-widget-container\">\n\t\t\t\t\t\t\t<p>Sabin, M. (8 de febrero de 2022). Deliberately planning play for learning. Edutopia. <a href=\"https:\/\/www.edutopia.org\/article\/deliberately-planning-play-learning\">https:\/\/www.edutopia.org\/article\/deliberately-planning-play-learning<\/a>.<\/p><p>Sabin, M. (4 de abril de 2022). Facilitating learning through imaginative play. Edutopia. <a href=\"https:\/\/www.edutopia.org\/article\/facilitating-learning-through-imaginative-play\">https:\/\/www.edutopia.org\/article\/facilitating-learning-through-imaginative-play.<\/a><\/p>\t\t\t\t\t\t<\/div>\n\t\t\t\t<\/div>\n\t\t\t\t\t<\/div>\n\t\t<\/div>\n\t\t\t\t\t\t\t<\/div>\n\t\t<\/section>\n\t\t\t\t\t\t\t<\/div>\n\t\t","protected":false},"excerpt":{"rendered":"<p>El Juego Ideas Esenciales (Sabin, 2022) El juego es crucial para el desarrollo y aprendizaje tanto de ni\u00f1os como de adultos, ofreciendo un espacio vital para explorar, experimentar y desarrollar habilidades cognitivas y socioemocionales. A trav\u00e9s del juego, se fomenta la creatividad, el pensamiento cr\u00edtico y la adaptaci\u00f3n, haciendo que los participantes activen y apliquen &hellip;<\/p>\n<p class=\"read-more\"> <a class=\"\" href=\"https:\/\/henrysimbanaj.com\/index.php\/eljuego\/\"> <span class=\"screen-reader-text\">El Juego<\/span> Leer m\u00e1s &raquo;<\/a><\/p>\n","protected":false},"author":1,"featured_media":0,"parent":0,"menu_order":0,"comment_status":"closed","ping_status":"closed","template":"","meta":{"site-sidebar-layout":"no-sidebar","site-content-layout":"page-builder","ast-global-header-display":"","ast-banner-title-visibility":"","ast-main-header-display":"","ast-hfb-above-header-display":"","ast-hfb-below-header-display":"","ast-hfb-mobile-header-display":"","site-post-title":"disabled","ast-breadcrumbs-content":"","ast-featured-img":"disabled","footer-sml-layout":"","theme-transparent-header-meta":"","adv-header-id-meta":"","stick-header-meta":"","header-above-stick-meta":"","header-main-stick-meta":"","header-below-stick-meta":"","footnotes":""},"_links":{"self":[{"href":"https:\/\/henrysimbanaj.com\/index.php\/wp-json\/wp\/v2\/pages\/774"}],"collection":[{"href":"https:\/\/henrysimbanaj.com\/index.php\/wp-json\/wp\/v2\/pages"}],"about":[{"href":"https:\/\/henrysimbanaj.com\/index.php\/wp-json\/wp\/v2\/types\/page"}],"author":[{"embeddable":true,"href":"https:\/\/henrysimbanaj.com\/index.php\/wp-json\/wp\/v2\/users\/1"}],"replies":[{"embeddable":true,"href":"https:\/\/henrysimbanaj.com\/index.php\/wp-json\/wp\/v2\/comments?post=774"}],"version-history":[{"count":38,"href":"https:\/\/henrysimbanaj.com\/index.php\/wp-json\/wp\/v2\/pages\/774\/revisions"}],"predecessor-version":[{"id":1001,"href":"https:\/\/henrysimbanaj.com\/index.php\/wp-json\/wp\/v2\/pages\/774\/revisions\/1001"}],"wp:attachment":[{"href":"https:\/\/henrysimbanaj.com\/index.php\/wp-json\/wp\/v2\/media?parent=774"}],"curies":[{"name":"wp","href":"https:\/\/api.w.org\/{rel}","templated":true}]}}