{"id":773,"date":"2024-05-13T19:16:48","date_gmt":"2024-05-13T19:16:48","guid":{"rendered":"https:\/\/henrysimbanaj.com\/?page_id=773"},"modified":"2024-05-15T22:39:47","modified_gmt":"2024-05-15T22:39:47","slug":"aprendizajebasadoenproblemas","status":"publish","type":"page","link":"https:\/\/henrysimbanaj.com\/index.php\/aprendizajebasadoenproblemas\/","title":{"rendered":"Aprendizaje Basado en Problemas"},"content":{"rendered":"\t\t<div data-elementor-type=\"wp-page\" data-elementor-id=\"773\" class=\"elementor elementor-773\">\n\t\t\t\t\t\t\t\t\t<section class=\"elementor-section elementor-top-section elementor-element elementor-element-ed157ed elementor-section-boxed elementor-section-height-default elementor-section-height-default\" data-id=\"ed157ed\" data-element_type=\"section\">\n\t\t\t\t\t\t<div class=\"elementor-container elementor-column-gap-default\">\n\t\t\t\t\t<div class=\"elementor-column elementor-col-100 elementor-top-column elementor-element elementor-element-ddcbf97\" data-id=\"ddcbf97\" data-element_type=\"column\">\n\t\t\t<div class=\"elementor-widget-wrap elementor-element-populated\">\n\t\t\t\t\t\t\t\t<div class=\"elementor-element elementor-element-c1266a8 elementor-widget elementor-widget-image\" data-id=\"c1266a8\" data-element_type=\"widget\" data-widget_type=\"image.default\">\n\t\t\t\t<div class=\"elementor-widget-container\">\n\t\t\t<style>\/*! elementor - v3.14.0 - 18-06-2023 *\/\n.elementor-widget-image{text-align:center}.elementor-widget-image a{display:inline-block}.elementor-widget-image a img[src$=\".svg\"]{width:48px}.elementor-widget-image img{vertical-align:middle;display:inline-block}<\/style>\t\t\t\t\t\t\t\t\t\t\t\t<img loading=\"lazy\" decoding=\"async\" width=\"768\" height=\"768\" src=\"https:\/\/henrysimbanaj.com\/wp-content\/uploads\/2024\/05\/C5A-768x768.webp\" class=\"attachment-medium_large size-medium_large wp-image-840\" alt=\"\" srcset=\"https:\/\/henrysimbanaj.com\/wp-content\/uploads\/2024\/05\/C5A-768x768.webp 768w, https:\/\/henrysimbanaj.com\/wp-content\/uploads\/2024\/05\/C5A-300x300.webp 300w, https:\/\/henrysimbanaj.com\/wp-content\/uploads\/2024\/05\/C5A-150x150.webp 150w, https:\/\/henrysimbanaj.com\/wp-content\/uploads\/2024\/05\/C5A.webp 1024w\" sizes=\"(max-width: 768px) 100vw, 768px\" \/>\t\t\t\t\t\t\t\t\t\t\t\t\t\t\t<\/div>\n\t\t\t\t<\/div>\n\t\t\t\t\t<\/div>\n\t\t<\/div>\n\t\t\t\t\t\t\t<\/div>\n\t\t<\/section>\n\t\t\t\t<section class=\"elementor-section elementor-top-section elementor-element elementor-element-55050ed elementor-section-boxed elementor-section-height-default elementor-section-height-default\" data-id=\"55050ed\" data-element_type=\"section\">\n\t\t\t\t\t\t<div class=\"elementor-container elementor-column-gap-default\">\n\t\t\t\t\t<div class=\"elementor-column elementor-col-100 elementor-top-column elementor-element elementor-element-0efd6b7\" data-id=\"0efd6b7\" data-element_type=\"column\">\n\t\t\t<div class=\"elementor-widget-wrap elementor-element-populated\">\n\t\t\t\t\t\t\t\t<div class=\"elementor-element elementor-element-6ad7765 elementor-widget elementor-widget-heading\" data-id=\"6ad7765\" data-element_type=\"widget\" data-widget_type=\"heading.default\">\n\t\t\t\t<div class=\"elementor-widget-container\">\n\t\t\t<style>\/*! elementor - v3.14.0 - 18-06-2023 *\/\n.elementor-heading-title{padding:0;margin:0;line-height:1}.elementor-widget-heading .elementor-heading-title[class*=elementor-size-]>a{color:inherit;font-size:inherit;line-height:inherit}.elementor-widget-heading .elementor-heading-title.elementor-size-small{font-size:15px}.elementor-widget-heading .elementor-heading-title.elementor-size-medium{font-size:19px}.elementor-widget-heading .elementor-heading-title.elementor-size-large{font-size:29px}.elementor-widget-heading .elementor-heading-title.elementor-size-xl{font-size:39px}.elementor-widget-heading .elementor-heading-title.elementor-size-xxl{font-size:59px}<\/style><h1 class=\"elementor-heading-title elementor-size-default\">Aprendizaje Basado en Problemas<\/h1>\t\t<\/div>\n\t\t\t\t<\/div>\n\t\t\t\t\t<\/div>\n\t\t<\/div>\n\t\t\t\t\t\t\t<\/div>\n\t\t<\/section>\n\t\t\t\t<section class=\"elementor-section elementor-top-section elementor-element elementor-element-75e2234 elementor-section-boxed elementor-section-height-default elementor-section-height-default\" data-id=\"75e2234\" data-element_type=\"section\">\n\t\t\t\t\t\t<div class=\"elementor-container elementor-column-gap-default\">\n\t\t\t\t\t<div class=\"elementor-column elementor-col-50 elementor-top-column elementor-element elementor-element-6992718\" data-id=\"6992718\" data-element_type=\"column\">\n\t\t\t<div class=\"elementor-widget-wrap elementor-element-populated\">\n\t\t\t\t\t\t\t\t<div class=\"elementor-element elementor-element-439dba1 elementor-widget elementor-widget-heading\" data-id=\"439dba1\" data-element_type=\"widget\" data-widget_type=\"heading.default\">\n\t\t\t\t<div class=\"elementor-widget-container\">\n\t\t\t<h2 class=\"elementor-heading-title elementor-size-default\">Ideas Esenciales <span style=\"color: rgb(79, 86, 85); font-family: &quot;Noto Sans&quot;, sans-serif; font-size: 16px; font-weight: 400; text-transform: none; white-space-collapse: collapse;\">(Standaert y Troch, 2011)<\/span><\/h2>\t\t<\/div>\n\t\t\t\t<\/div>\n\t\t\t\t<div class=\"elementor-element elementor-element-41d4902 elementor-widget elementor-widget-text-editor\" data-id=\"41d4902\" data-element_type=\"widget\" data-widget_type=\"text-editor.default\">\n\t\t\t\t<div class=\"elementor-widget-container\">\n\t\t\t<style>\/*! elementor - v3.14.0 - 18-06-2023 *\/\n.elementor-widget-text-editor.elementor-drop-cap-view-stacked .elementor-drop-cap{background-color:#69727d;color:#fff}.elementor-widget-text-editor.elementor-drop-cap-view-framed .elementor-drop-cap{color:#69727d;border:3px solid;background-color:transparent}.elementor-widget-text-editor:not(.elementor-drop-cap-view-default) .elementor-drop-cap{margin-top:8px}.elementor-widget-text-editor:not(.elementor-drop-cap-view-default) .elementor-drop-cap-letter{width:1em;height:1em}.elementor-widget-text-editor .elementor-drop-cap{float:left;text-align:center;line-height:1;font-size:50px}.elementor-widget-text-editor .elementor-drop-cap-letter{display:inline-block}<\/style>\t\t\t\t<p>El Aprendizaje Basado en Problemas (ABP) es una metodolog\u00eda que inicia con la presentaci\u00f3n de un problema para desarrollar el pensamiento cr\u00edtico y las habilidades de resoluci\u00f3n en los estudiantes. A trav\u00e9s de un proceso interactivo y colaborativo, los participantes exploran y aplican conocimientos, buscando soluciones efectivas y reflexionando sobre su aprendizaje. Esta estrategia fomenta la autonom\u00eda, la cooperaci\u00f3n y la integraci\u00f3n pr\u00e1ctica de diversas disciplinas, adapt\u00e1ndose a las necesidades reales de aprendizaje.<\/p>\n<p><strong style=\"font-style: inherit; background-color: var(--ast-global-color-4); color: var(--ast-global-color-3);\">Metodolog\u00eda Activa:<\/strong><span style=\"font-style: inherit; font-weight: inherit; background-color: var(--ast-global-color-4); color: var(--ast-global-color-3);\"> Involucra activamente a los estudiantes, enfoc\u00e1ndose en la adquisici\u00f3n y aplicaci\u00f3n de conocimientos, as\u00ed como en el uso de estrategias de resoluci\u00f3n de problemas.<\/span><br><\/p>\n<p><strong>Proceso Invertido:<\/strong> A diferencia de la ense\u00f1anza tradicional, el ABP comienza presentando un problema, identificando necesidades de aprendizaje, buscando informaci\u00f3n y regresando al problema para su resoluci\u00f3n.<\/p>\n<p><strong>Trabajo Colaborativo:<\/strong> Los estudiantes trabajan en grupos peque\u00f1os, compartiendo experiencias, desarrollando habilidades y reflexionando sobre actitudes y valores.<\/p>\n<p><strong>Desarrollo Integral:<\/strong> Promueve el pensamiento cr\u00edtico, la reflexi\u00f3n, la autonom\u00eda, la cooperaci\u00f3n, y la integraci\u00f3n de diversas disciplinas.<\/p>\t\t\t\t\t\t<\/div>\n\t\t\t\t<\/div>\n\t\t\t\t\t<\/div>\n\t\t<\/div>\n\t\t\t\t<div class=\"elementor-column elementor-col-50 elementor-top-column elementor-element elementor-element-face5db\" data-id=\"face5db\" data-element_type=\"column\">\n\t\t\t<div class=\"elementor-widget-wrap elementor-element-populated\">\n\t\t\t\t\t\t\t\t<div class=\"elementor-element elementor-element-585fb90 elementor-widget elementor-widget-image\" data-id=\"585fb90\" data-element_type=\"widget\" data-widget_type=\"image.default\">\n\t\t\t\t<div class=\"elementor-widget-container\">\n\t\t\t\t\t\t\t\t\t\t\t\t\t\t\t<img loading=\"lazy\" decoding=\"async\" width=\"1024\" height=\"683\" src=\"https:\/\/henrysimbanaj.com\/wp-content\/uploads\/2024\/05\/Instruccion-Guiada1-1024x683.jpg\" class=\"attachment-large size-large wp-image-757\" alt=\"\" srcset=\"https:\/\/henrysimbanaj.com\/wp-content\/uploads\/2024\/05\/Instruccion-Guiada1-1024x683.jpg 1024w, https:\/\/henrysimbanaj.com\/wp-content\/uploads\/2024\/05\/Instruccion-Guiada1-300x200.jpg 300w, https:\/\/henrysimbanaj.com\/wp-content\/uploads\/2024\/05\/Instruccion-Guiada1-768x512.jpg 768w, https:\/\/henrysimbanaj.com\/wp-content\/uploads\/2024\/05\/Instruccion-Guiada1.jpg 1200w\" sizes=\"(max-width: 1024px) 100vw, 1024px\" \/>\t\t\t\t\t\t\t\t\t\t\t\t\t\t\t<\/div>\n\t\t\t\t<\/div>\n\t\t\t\t\t<\/div>\n\t\t<\/div>\n\t\t\t\t\t\t\t<\/div>\n\t\t<\/section>\n\t\t\t\t<section class=\"elementor-section elementor-top-section elementor-element elementor-element-30483cf elementor-section-boxed elementor-section-height-default elementor-section-height-default\" data-id=\"30483cf\" data-element_type=\"section\">\n\t\t\t\t\t\t<div class=\"elementor-container elementor-column-gap-default\">\n\t\t\t\t\t<div class=\"elementor-column elementor-col-50 elementor-top-column elementor-element elementor-element-57280fa\" data-id=\"57280fa\" data-element_type=\"column\">\n\t\t\t<div class=\"elementor-widget-wrap elementor-element-populated\">\n\t\t\t\t\t\t\t\t<div class=\"elementor-element elementor-element-b2b6db8 elementor-widget elementor-widget-image\" data-id=\"b2b6db8\" data-element_type=\"widget\" data-widget_type=\"image.default\">\n\t\t\t\t<div class=\"elementor-widget-container\">\n\t\t\t\t\t\t\t\t\t\t\t\t\t\t\t<img loading=\"lazy\" decoding=\"async\" width=\"1024\" height=\"682\" src=\"https:\/\/henrysimbanaj.com\/wp-content\/uploads\/2024\/05\/Instruccion-Guiada2-1024x682.jpeg\" class=\"attachment-large size-large wp-image-760\" alt=\"\" srcset=\"https:\/\/henrysimbanaj.com\/wp-content\/uploads\/2024\/05\/Instruccion-Guiada2-1024x682.jpeg 1024w, https:\/\/henrysimbanaj.com\/wp-content\/uploads\/2024\/05\/Instruccion-Guiada2-300x200.jpeg 300w, https:\/\/henrysimbanaj.com\/wp-content\/uploads\/2024\/05\/Instruccion-Guiada2-768x511.jpeg 768w, https:\/\/henrysimbanaj.com\/wp-content\/uploads\/2024\/05\/Instruccion-Guiada2.jpeg 1200w\" sizes=\"(max-width: 1024px) 100vw, 1024px\" \/>\t\t\t\t\t\t\t\t\t\t\t\t\t\t\t<\/div>\n\t\t\t\t<\/div>\n\t\t\t\t\t<\/div>\n\t\t<\/div>\n\t\t\t\t<div class=\"elementor-column elementor-col-50 elementor-top-column elementor-element elementor-element-0fc4878\" data-id=\"0fc4878\" data-element_type=\"column\">\n\t\t\t<div class=\"elementor-widget-wrap elementor-element-populated\">\n\t\t\t\t\t\t\t\t<div class=\"elementor-element elementor-element-0369e7a elementor-widget elementor-widget-heading\" data-id=\"0369e7a\" data-element_type=\"widget\" data-widget_type=\"heading.default\">\n\t\t\t\t<div class=\"elementor-widget-container\">\n\t\t\t<h3 class=\"elementor-heading-title elementor-size-default\">Beneficios <span style=\"color: rgb(79, 86, 85); font-family: &quot;Noto Sans&quot;, sans-serif; font-size: 16px; font-weight: 400; white-space-collapse: collapse;\">(Standaert y Troch, 2011)<\/span><\/h3>\t\t<\/div>\n\t\t\t\t<\/div>\n\t\t\t\t<div class=\"elementor-element elementor-element-3de4672 elementor-widget elementor-widget-text-editor\" data-id=\"3de4672\" data-element_type=\"widget\" data-widget_type=\"text-editor.default\">\n\t\t\t\t<div class=\"elementor-widget-container\">\n\t\t\t\t\t\t\t<p><strong>Aprendizaje Significativo:<\/strong> El ABP conecta los nuevos conocimientos con la vida real del estudiante, haciendo el aprendizaje m\u00e1s relevante y motivador.<\/p><p><strong>Desarrollo de Habilidades:<\/strong> Fomenta el pensamiento cr\u00edtico, la autodirecci\u00f3n, la metacognici\u00f3n, y las habilidades interpersonales.<\/p><p><strong>Responsabilidad del Estudiante:<\/strong> Los estudiantes diagnostican sus propias necesidades de aprendizaje y eval\u00faan su propio proceso, lo que aumenta la autodirecci\u00f3n y la responsabilidad personal.<\/p><p><strong>Trabajo en Equipo:<\/strong> Estimula el trabajo cooperativo, permitiendo a los estudiantes aprender unos de otros y desarrollar habilidades interpersonales.<\/p><p><strong>Resoluci\u00f3n de Problemas:<\/strong> Los estudiantes aprenden a seleccionar, organizar informaci\u00f3n y tomar decisiones fundamentadas basadas en hechos, promoviendo un aprendizaje reflexivo y colaborativo.<\/p>\t\t\t\t\t\t<\/div>\n\t\t\t\t<\/div>\n\t\t\t\t\t<\/div>\n\t\t<\/div>\n\t\t\t\t\t\t\t<\/div>\n\t\t<\/section>\n\t\t\t\t<section class=\"elementor-section elementor-top-section elementor-element elementor-element-1587591 elementor-section-boxed elementor-section-height-default elementor-section-height-default\" data-id=\"1587591\" data-element_type=\"section\">\n\t\t\t\t\t\t<div class=\"elementor-container elementor-column-gap-default\">\n\t\t\t\t\t<div class=\"elementor-column elementor-col-50 elementor-top-column elementor-element elementor-element-b1740e6\" data-id=\"b1740e6\" data-element_type=\"column\">\n\t\t\t<div class=\"elementor-widget-wrap elementor-element-populated\">\n\t\t\t\t\t\t\t\t<div class=\"elementor-element elementor-element-b5cfaf1 elementor-widget elementor-widget-heading\" data-id=\"b5cfaf1\" data-element_type=\"widget\" data-widget_type=\"heading.default\">\n\t\t\t\t<div class=\"elementor-widget-container\">\n\t\t\t<h3 class=\"elementor-heading-title elementor-size-default\">Retos <span style=\"color: rgb(79, 86, 85); font-family: &quot;Noto Sans&quot;, sans-serif; font-size: 16px; font-weight: 400; white-space-collapse: collapse;\">(Standaert y Troch, 2011)<\/span><\/h3>\t\t<\/div>\n\t\t\t\t<\/div>\n\t\t\t\t<div class=\"elementor-element elementor-element-79e8933 elementor-widget elementor-widget-text-editor\" data-id=\"79e8933\" data-element_type=\"widget\" data-widget_type=\"text-editor.default\">\n\t\t\t\t<div class=\"elementor-widget-container\">\n\t\t\t\t\t\t\t<p><strong>Transici\u00f3n Dif\u00edcil:<\/strong> Implementar ABP puede ser una transici\u00f3n dif\u00edcil para los sistemas educativos tradicionales y requiere una modificaci\u00f3n curricular significativa.<\/p><p><strong>Tiempo y Costo:<\/strong> Esta metodolog\u00eda puede requerir m\u00e1s tiempo y recursos econ\u00f3micos para su implementaci\u00f3n efectiva.<\/p><p><strong>Habilidad de los Profesores:<\/strong> Algunos profesores pueden carecer de las habilidades necesarias para facilitar el aprendizaje mediante esta metodolog\u00eda, lo que puede afectar la eficacia del ABP.<\/p><p><strong>Dise\u00f1o del Problema:<\/strong> Los problemas deben ser del inter\u00e9s del estudiante, estimular el pensamiento cr\u00edtico y estar alineados con los objetivos de aprendizaje y situaciones de la vida real.<\/p><p><strong>Cooperaci\u00f3n y Participaci\u00f3n:<\/strong> Todos los miembros del grupo deben participar activamente y trabajar cooperativamente, lo que puede ser un desaf\u00edo en algunos entornos educativos.<\/p>\t\t\t\t\t\t<\/div>\n\t\t\t\t<\/div>\n\t\t\t\t\t<\/div>\n\t\t<\/div>\n\t\t\t\t<div class=\"elementor-column elementor-col-50 elementor-top-column elementor-element elementor-element-be50837\" data-id=\"be50837\" data-element_type=\"column\">\n\t\t\t<div class=\"elementor-widget-wrap elementor-element-populated\">\n\t\t\t\t\t\t\t\t<div class=\"elementor-element elementor-element-02bc7e2 elementor-widget elementor-widget-image\" data-id=\"02bc7e2\" data-element_type=\"widget\" data-widget_type=\"image.default\">\n\t\t\t\t<div class=\"elementor-widget-container\">\n\t\t\t\t\t\t\t\t\t\t\t\t\t\t\t<img loading=\"lazy\" decoding=\"async\" width=\"1024\" height=\"512\" src=\"https:\/\/henrysimbanaj.com\/wp-content\/uploads\/2024\/05\/Instruccion-Guiada3-1024x512.jpg\" class=\"attachment-large size-large wp-image-759\" alt=\"\" srcset=\"https:\/\/henrysimbanaj.com\/wp-content\/uploads\/2024\/05\/Instruccion-Guiada3-1024x512.jpg 1024w, https:\/\/henrysimbanaj.com\/wp-content\/uploads\/2024\/05\/Instruccion-Guiada3-300x150.jpg 300w, https:\/\/henrysimbanaj.com\/wp-content\/uploads\/2024\/05\/Instruccion-Guiada3-768x384.jpg 768w, https:\/\/henrysimbanaj.com\/wp-content\/uploads\/2024\/05\/Instruccion-Guiada3-1536x768.jpg 1536w, https:\/\/henrysimbanaj.com\/wp-content\/uploads\/2024\/05\/Instruccion-Guiada3.jpg 1600w\" sizes=\"(max-width: 1024px) 100vw, 1024px\" \/>\t\t\t\t\t\t\t\t\t\t\t\t\t\t\t<\/div>\n\t\t\t\t<\/div>\n\t\t\t\t\t<\/div>\n\t\t<\/div>\n\t\t\t\t\t\t\t<\/div>\n\t\t<\/section>\n\t\t\t\t<section class=\"elementor-section elementor-top-section elementor-element elementor-element-e1f0d9e elementor-section-boxed elementor-section-height-default elementor-section-height-default\" data-id=\"e1f0d9e\" data-element_type=\"section\">\n\t\t\t\t\t\t<div class=\"elementor-container elementor-column-gap-default\">\n\t\t\t\t\t<div class=\"elementor-column elementor-col-50 elementor-top-column elementor-element elementor-element-386ec6e\" data-id=\"386ec6e\" data-element_type=\"column\">\n\t\t\t<div class=\"elementor-widget-wrap elementor-element-populated\">\n\t\t\t\t\t\t\t\t<div class=\"elementor-element elementor-element-5fbbd0d elementor-widget elementor-widget-image\" data-id=\"5fbbd0d\" data-element_type=\"widget\" data-widget_type=\"image.default\">\n\t\t\t\t<div class=\"elementor-widget-container\">\n\t\t\t\t\t\t\t\t\t\t\t\t\t\t\t<img loading=\"lazy\" decoding=\"async\" width=\"1024\" height=\"683\" src=\"https:\/\/henrysimbanaj.com\/wp-content\/uploads\/2024\/05\/Instruccion-Guiada4-1024x683.jpg\" class=\"attachment-large size-large wp-image-758\" alt=\"\" srcset=\"https:\/\/henrysimbanaj.com\/wp-content\/uploads\/2024\/05\/Instruccion-Guiada4-1024x683.jpg 1024w, https:\/\/henrysimbanaj.com\/wp-content\/uploads\/2024\/05\/Instruccion-Guiada4-300x200.jpg 300w, https:\/\/henrysimbanaj.com\/wp-content\/uploads\/2024\/05\/Instruccion-Guiada4-768x512.jpg 768w, https:\/\/henrysimbanaj.com\/wp-content\/uploads\/2024\/05\/Instruccion-Guiada4.jpg 1200w\" sizes=\"(max-width: 1024px) 100vw, 1024px\" \/>\t\t\t\t\t\t\t\t\t\t\t\t\t\t\t<\/div>\n\t\t\t\t<\/div>\n\t\t\t\t\t<\/div>\n\t\t<\/div>\n\t\t\t\t<div class=\"elementor-column elementor-col-50 elementor-top-column elementor-element elementor-element-7375113\" data-id=\"7375113\" data-element_type=\"column\">\n\t\t\t<div class=\"elementor-widget-wrap elementor-element-populated\">\n\t\t\t\t\t\t\t\t<div class=\"elementor-element elementor-element-82fded3 elementor-widget elementor-widget-heading\" data-id=\"82fded3\" data-element_type=\"widget\" data-widget_type=\"heading.default\">\n\t\t\t\t<div class=\"elementor-widget-container\">\n\t\t\t<h3 class=\"elementor-heading-title elementor-size-default\">Reflexi\u00f3n<\/h3>\t\t<\/div>\n\t\t\t\t<\/div>\n\t\t\t\t<div class=\"elementor-element elementor-element-4d9b3fa elementor-widget elementor-widget-text-editor\" data-id=\"4d9b3fa\" data-element_type=\"widget\" data-widget_type=\"text-editor.default\">\n\t\t\t\t<div class=\"elementor-widget-container\">\n\t\t\t\t\t\t\t<p>Escogimos Aprendizaje Basado en Problemas porque, aunque no es aplicable en ni\u00f1os muy peque\u00f1os, es muy importante para dar un sentido al aprendizaje que tenemos. Cuando podemos usar nuestro conocimiento para crear algo, nos motivamos. Cuando podemos usar nuestras habilidades y conocimientos para ayudar a otros, sentimos que nuestro esfuerzo vale la pena.<\/p><p>Implementar el Aprendizaje Basado en Problemas (ABP) es una buena idea y esencial en la educaci\u00f3n porque conecta el aprendizaje con situaciones reales, haciendo que los estudiantes est\u00e9n m\u00e1s motivados y comprometidos. Esta metodolog\u00eda desarrolla habilidades importantes como el pensamiento cr\u00edtico, la resoluci\u00f3n de problemas y el trabajo en equipo, preparando a los estudiantes para enfrentar desaf\u00edos en su vida diaria y profesional (Standaert y Troch, 2011). Adem\u00e1s, el ABP fomenta la responsabilidad y la autonom\u00eda, ya que los estudiantes aprenden a identificar y satisfacer sus propias necesidades de aprendizaje, y promueve la colaboraci\u00f3n y la comunicaci\u00f3n efectiva entre ellos. En resumen, el ABP no solo mejora el aprendizaje acad\u00e9mico, sino que tambi\u00e9n ayuda a formar individuos competentes y preparados para el futuro.<\/p>\t\t\t\t\t\t<\/div>\n\t\t\t\t<\/div>\n\t\t\t\t\t<\/div>\n\t\t<\/div>\n\t\t\t\t\t\t\t<\/div>\n\t\t<\/section>\n\t\t\t\t<section class=\"elementor-section elementor-top-section elementor-element elementor-element-1cd007d elementor-section-boxed elementor-section-height-default elementor-section-height-default\" data-id=\"1cd007d\" data-element_type=\"section\">\n\t\t\t\t\t\t<div class=\"elementor-container elementor-column-gap-default\">\n\t\t\t\t\t<div class=\"elementor-column elementor-col-100 elementor-top-column elementor-element elementor-element-baed6e4\" data-id=\"baed6e4\" data-element_type=\"column\">\n\t\t\t<div class=\"elementor-widget-wrap elementor-element-populated\">\n\t\t\t\t\t\t\t\t<div class=\"elementor-element elementor-element-36ee32c elementor-widget elementor-widget-html\" data-id=\"36ee32c\" data-element_type=\"widget\" data-widget_type=\"html.default\">\n\t\t\t\t<div class=\"elementor-widget-container\">\n\t\t\t<a href=\"https:\/\/henrysimbanaj.com\/wp-content\/uploads\/2024\/05\/Aprendizaje-Basado-en-Problemas-ABP-.pdf\" class=\"pdfemb-viewer\" style=\"\" data-width=\"max\" data-height=\"max\" data-toolbar=\"bottom\" data-toolbar-fixed=\"off\">Aprendizaje-Basado-en-Problemas-ABP-<\/a>\r\n\t\t<\/div>\n\t\t\t\t<\/div>\n\t\t\t\t\t<\/div>\n\t\t<\/div>\n\t\t\t\t\t\t\t<\/div>\n\t\t<\/section>\n\t\t\t\t<section class=\"elementor-section elementor-top-section elementor-element elementor-element-7c3f8fe elementor-section-boxed elementor-section-height-default elementor-section-height-default\" data-id=\"7c3f8fe\" data-element_type=\"section\">\n\t\t\t\t\t\t<div class=\"elementor-container elementor-column-gap-default\">\n\t\t\t\t\t<div class=\"elementor-column elementor-col-50 elementor-top-column elementor-element elementor-element-32dd6cf\" data-id=\"32dd6cf\" data-element_type=\"column\">\n\t\t\t<div class=\"elementor-widget-wrap elementor-element-populated\">\n\t\t\t\t\t\t\t\t<div class=\"elementor-element elementor-element-7423a6c elementor-widget elementor-widget-heading\" data-id=\"7423a6c\" data-element_type=\"widget\" data-widget_type=\"heading.default\">\n\t\t\t\t<div class=\"elementor-widget-container\">\n\t\t\t<h3 class=\"elementor-heading-title elementor-size-default\">Referencias<\/h3>\t\t<\/div>\n\t\t\t\t<\/div>\n\t\t\t\t\t<\/div>\n\t\t<\/div>\n\t\t\t\t<div class=\"elementor-column elementor-col-50 elementor-top-column elementor-element elementor-element-2f1d5ff\" data-id=\"2f1d5ff\" data-element_type=\"column\">\n\t\t\t<div class=\"elementor-widget-wrap elementor-element-populated\">\n\t\t\t\t\t\t\t\t<div class=\"elementor-element elementor-element-5e23b82 elementor-widget elementor-widget-text-editor\" data-id=\"5e23b82\" data-element_type=\"widget\" data-widget_type=\"text-editor.default\">\n\t\t\t\t<div class=\"elementor-widget-container\">\n\t\t\t\t\t\t\t<p>Standaert, R. y Troch, F. (2011) Aprender a ense\u00f1ar: una introducci\u00f3n a la did\u00e1ctica general.Quito: Grupo Impresor.<\/p>\t\t\t\t\t\t<\/div>\n\t\t\t\t<\/div>\n\t\t\t\t\t<\/div>\n\t\t<\/div>\n\t\t\t\t\t\t\t<\/div>\n\t\t<\/section>\n\t\t\t\t\t\t\t<\/div>\n\t\t","protected":false},"excerpt":{"rendered":"<p>Aprendizaje Basado en Problemas Ideas Esenciales (Standaert y Troch, 2011) El Aprendizaje Basado en Problemas (ABP) es una metodolog\u00eda que inicia con la presentaci\u00f3n de un problema para desarrollar el pensamiento cr\u00edtico y las habilidades de resoluci\u00f3n en los estudiantes. A trav\u00e9s de un proceso interactivo y colaborativo, los participantes exploran y aplican conocimientos, buscando &hellip;<\/p>\n<p class=\"read-more\"> <a class=\"\" href=\"https:\/\/henrysimbanaj.com\/index.php\/aprendizajebasadoenproblemas\/\"> <span class=\"screen-reader-text\">Aprendizaje Basado en Problemas<\/span> Leer m\u00e1s &raquo;<\/a><\/p>\n","protected":false},"author":1,"featured_media":0,"parent":0,"menu_order":0,"comment_status":"closed","ping_status":"closed","template":"","meta":{"site-sidebar-layout":"no-sidebar","site-content-layout":"page-builder","ast-global-header-display":"","ast-banner-title-visibility":"","ast-main-header-display":"","ast-hfb-above-header-display":"","ast-hfb-below-header-display":"","ast-hfb-mobile-header-display":"","site-post-title":"disabled","ast-breadcrumbs-content":"","ast-featured-img":"disabled","footer-sml-layout":"","theme-transparent-header-meta":"","adv-header-id-meta":"","stick-header-meta":"","header-above-stick-meta":"","header-main-stick-meta":"","header-below-stick-meta":"","footnotes":""},"_links":{"self":[{"href":"https:\/\/henrysimbanaj.com\/index.php\/wp-json\/wp\/v2\/pages\/773"}],"collection":[{"href":"https:\/\/henrysimbanaj.com\/index.php\/wp-json\/wp\/v2\/pages"}],"about":[{"href":"https:\/\/henrysimbanaj.com\/index.php\/wp-json\/wp\/v2\/types\/page"}],"author":[{"embeddable":true,"href":"https:\/\/henrysimbanaj.com\/index.php\/wp-json\/wp\/v2\/users\/1"}],"replies":[{"embeddable":true,"href":"https:\/\/henrysimbanaj.com\/index.php\/wp-json\/wp\/v2\/comments?post=773"}],"version-history":[{"count":34,"href":"https:\/\/henrysimbanaj.com\/index.php\/wp-json\/wp\/v2\/pages\/773\/revisions"}],"predecessor-version":[{"id":1014,"href":"https:\/\/henrysimbanaj.com\/index.php\/wp-json\/wp\/v2\/pages\/773\/revisions\/1014"}],"wp:attachment":[{"href":"https:\/\/henrysimbanaj.com\/index.php\/wp-json\/wp\/v2\/media?parent=773"}],"curies":[{"name":"wp","href":"https:\/\/api.w.org\/{rel}","templated":true}]}}